{"id":6,"date":"2013-02-25T14:48:17","date_gmt":"2013-02-25T14:48:17","guid":{"rendered":"http:\/\/www.alsace.lu\/wp\/?page_id=6"},"modified":"2026-05-04T11:36:47","modified_gmt":"2026-05-04T09:36:47","slug":"organisation","status":"publish","type":"page","link":"http:\/\/www.alsace.lu\/wp\/?page_id=6","title":{"rendered":"Organisation"},"content":{"rendered":"<p>Le Conseil d&#8217;Administration, tel qu&#8217;il a \u00e9t\u00e9 renouvel\u00e9 lors de l&#8217;Assembl\u00e9e G\u00e9n\u00e9rale du 20 avril 2023, est compos\u00e9 de :<br \/>\n&#8211; Pr\u00e9sident : M. Denis Kieffer<br \/>\n&#8211; Tr\u00e9sorier : M. Thierry Muller<br \/>\n&#8211; Secr\u00e9taire G\u00e9n\u00e9ral : M. Philippe Schmitt<br \/>\n&#8211; Membres : M. Bertrand Herberich, Mme Florence Bossenmeyer<\/p>\n","protected":false},"excerpt":{"rendered":"<p>Le Conseil d&#8217;Administration, tel qu&#8217;il a \u00e9t\u00e9 renouvel\u00e9 lors de l&#8217;Assembl\u00e9e G\u00e9n\u00e9rale du 20 avril 2023, est compos\u00e9 de : &#8211; Pr\u00e9sident : M. Denis Kieffer &#8211; Tr\u00e9sorier : M. <a class=\"more-link\" href=\"http:\/\/www.alsace.lu\/wp\/?page_id=6\">Continue Reading &rarr;<\/a><\/p>\n","protected":false},"author":1,"featured_media":0,"parent":0,"menu_order":0,"comment_status":"open","ping_status":"open","template":"","meta":{"footnotes":""},"class_list":["post-6","page","type-page","status-publish","hentry"],"_links":{"self":[{"href":"http:\/\/www.alsace.lu\/wp\/index.php?rest_route=\/wp\/v2\/pages\/6"}],"collection":[{"href":"http:\/\/www.alsace.lu\/wp\/index.php?rest_route=\/wp\/v2\/pages"}],"about":[{"href":"http:\/\/www.alsace.lu\/wp\/index.php?rest_route=\/wp\/v2\/types\/page"}],"author":[{"embeddable":true,"href":"http:\/\/www.alsace.lu\/wp\/index.php?rest_route=\/wp\/v2\/users\/1"}],"replies":[{"embeddable":true,"href":"http:\/\/www.alsace.lu\/wp\/index.php?rest_route=%2Fwp%2Fv2%2Fcomments&post=6"}],"version-history":[{"count":15,"href":"http:\/\/www.alsace.lu\/wp\/index.php?rest_route=\/wp\/v2\/pages\/6\/revisions"}],"predecessor-version":[{"id":209,"href":"http:\/\/www.alsace.lu\/wp\/index.php?rest_route=\/wp\/v2\/pages\/6\/revisions\/209"}],"wp:attachment":[{"href":"http:\/\/www.alsace.lu\/wp\/index.php?rest_route=%2Fwp%2Fv2%2Fmedia&parent=6"}],"curies":[{"name":"wp","href":"https:\/\/api.w.org\/{rel}","templated":true}]}}