{"id":26,"date":"2013-02-25T18:13:51","date_gmt":"2013-02-25T18:13:51","guid":{"rendered":"http:\/\/www.alsace.lu\/wp\/?page_id=26"},"modified":"2024-08-22T21:25:23","modified_gmt":"2024-08-22T19:25:23","slug":"sorties","status":"publish","type":"page","link":"http:\/\/www.alsace.lu\/wp\/?page_id=26","title":{"rendered":"Sorties"},"content":{"rendered":"<p>L&#8217;APA organise \u00e9galement chaque ann\u00e9e une sortie-d\u00e9couverte.<\/p>\n<p><span style=\"text-decoration: underline;\">Historique<\/span>:<br \/>La sortie organis\u00e9e en 1998 a permis de d\u00e9couvrir le pays de Marmoutier avec notamment un superbe concert d&#8217;orgues sur les orgues Silbermann de L&#8217;Abbaye de Marmoutier.<\/p>\n<p>En 1999, la sortie s&#8217;est d\u00e9roul\u00e9e sur le th\u00e8me de l&#8217;Alsace du Nord, avec notamment la visite de Wissembourg et de son abbaye, les villages de Hunspach et Seebach, et les poteries de Soufflenheim.<\/p>\n<p>En 2000, la sortie a eu lieu sur le th\u00e8me &#8220;Pr\u00e9sences religieuses en Alsace&#8221; dans la r\u00e9gion du Mont Sainte-Odile, avec les visites de l&#8217;\u00e9glise et l&#8217;ancien couvent de Molsheim, l&#8217;\u00e9glise romane de Rosheim et l&#8217;\u00e9glise de Rosenwiller, connue pour ses vitraux du XIII\u00e8me si\u00e8cle.<\/p>\n<p>En 2001, participation \u00e0 la sortie sur Verdun organis\u00e9e par l&#8217;Union des Fran\u00e7ais de l&#8217;Etranger, et notamment au son et lumi\u00e8res sur le th\u00e8me de la Grande Guerre.<\/p>\n<p>En 2002, la sortie s&#8217;est d\u00e9roul\u00e9e dans le\u00a0grand Ried d&#8217;Alsace, avec les\u00a0visites de l&#8217;abbatiale d&#8217;Ebersmunster (poss\u00e9dant un concert d&#8217;orgue Silbermann d&#8217;origine), de la Maison de la Nature \u00e0 Muttersholz, du mus\u00e9e d&#8217;instruments d&#8217;Optique \u00e0 Biesheim, de Kaysersberg et son mus\u00e9e Albert Schweitzer.<\/p>\n<p>En 2003, la sortie a eu pour cadre Mulhouse, les mus\u00e9es du Chemin de Fer et de l&#8217;Automobile, ainsi que l&#8217;Ecomus\u00e9e d&#8217;Alsace \u00e0 Ungersheim.<\/p>\n<p>En 2004, sortie &#8220;Strass et Paillettes&#8221; pour l&#8217;association qui a c\u00e9l\u00e9br\u00e9 ses 25 ans au Royal-Palace \u00e0 Kirrwiller.<\/p>\n<p>Au printemps 2005, une promenade de d\u00e9gustation culinaire et viticole a \u00e9t\u00e9 organis\u00e9e \u00e0 Rosenwiller. A l&#8217;automne, l&#8217;APA s&#8217;est rendue \u00e0 Nancy pour visiter le mus\u00e9e de L&#8217;Ecole de Nancy (dont l&#8217;exposition temporaire sur l&#8217;h\u00e9ritage du XIII\u00e8 si\u00e8clede l&#8217;Ecole de Nancy), puis le Mus\u00e9e Lorrain.<\/p>\n<p>La sortie 2006 a permis de d\u00e9couvrir le Kochersberg, r\u00e9gion agricole historique situ\u00e9e entre les vall\u00e9es de la Zorn et de la Bruche, et de visiter la Maison du Kochersberg, \u00e0 Truchtersheim, consacr\u00e9e aux objets et v\u00eatements anciens des cultes religieux en Alsace.<\/p>\n<p>En 2007, direction <span lang=\"FR\">Colmar avec la visite du\u00a0mus\u00e9e Unterlinden et son c\u00e9l\u00e8bre retable d\u00b4Isenheim, puis du mus\u00e9e Bartoldi (auteur de la statue de la Libert\u00e9 \u00e0 New York, du\u00a0Lion de Belfort, de la statue Vercing\u00e9torix \u00e0 Clermont-Ferrand).<\/span><\/p>\n<p>En 2008, d\u00e9part pour la Vall\u00e9e de la Bruche avec la visite du M\u00e9morial d\u00b4Alsace\u2013Lorraine install\u00e9 \u00e0 Schirmeck qui\u00a0\u00e9voque l\u00b4histoire des alsaciens et des lorrains entre 1870 et 1945. L&#8217;apr\u00e8s-midi,\u00a0visite du Mus\u00e9e du pasteur Oberlin.<\/p>\n<p>En 2009, la sortie \u00e0 Mayence (Allemagne) a permis de d\u00e9couvrir le mus\u00e9e de l&#8217;imprimerie et des presses de Gutemberg. Cette ann\u00e9e, l&#8217;APA a f\u00eat\u00e9 ses 30 ans en compagnie de l&#8217;APA Belgique \u00e0 Mondorf.<\/p>\n<p>Au printemps 2010, d\u00e9couverte de l&#8217;Alsace Bossue proche de la <span lang=\"FR\">Lorraine.\u00a0V<\/span><span lang=\"FR\">isite du mus\u00e9e des Techniques Fa\u00efenci\u00e8res, \u00e9tabli dans<\/span><span lang=\"FR\"> l\u00b4ancien Moulin de la Blies. <\/span><span lang=\"FR\">Visites ensuite de la chapelle des Cordeliers \u00e0 Sarrebourg (vitrail de Chagall) puis\u00a0<\/span><span lang=\"FR\">du mus\u00e9e Erckmann-Chatrian \u00e0 Phalsbourg et promenade dans le village de la Petite-Pierre.<\/span><\/p>\n<p>En 2012, direction le nord de l&#8217;Alsace avec les visites du mus\u00e9e Lalique situ\u00e9 \u00e0 Wingen-sur-Moder et du Mus\u00e9e du\u00a0Cristal \u00e0 Saint-Louis les Bitche.<\/p>\n<p>Pour 2013, l&#8217;APA en collaboration avec l&#8217;Union des Fran\u00e7ais de l&#8217;Etranger a organis\u00e9 une visite du Mudam \u00e0 Luxembourg.<\/p>\n<p>En 2014 \u00e0 l&#8217;occasion de ses 35 ans,\u00a0l&#8217;APA a organis\u00e9 une croisi\u00e8re sur le bateau Princesse Marie-Astrid qui a ralli\u00e9 Grevemacher (G.D. de Luxembourg) \u00e0 Saarburg (Allemagne).<\/p>\n<p>En 2016, organisation en collaboration avec l\u2019Union des Fran\u00e7ais de l\u2019Etranger, la Soci\u00e9t\u00e9 des Officiers Fran\u00e7ais\u00a0et l\u2019IHEDN\u00a0Luxembourg\u00a0d&#8217;une visite du\u00a0M\u00e9morial de la Paix de Verdun r\u00e9-ouvert apr\u00e8s une longue r\u00e9novation.<\/p>\n<p>En mars 2017, 2018, 2019 &amp; 2020, tenue d&#8217;un stand APA au Festival des Migrations, des Cultures et de la Citoyennet\u00e9. Ce festival accueille pr\u00e8s de 400 stands et 30&#8217;000 visiteurs durant un weekend.<\/p>\n<p>En mai 2018, weekend \u00e0 Cologne (Allemagne).<\/p>\n<p>En septembre 2019 F\u00eate de nos 40 ans d&#8217;existence \u00e0 Lasauvage.<\/p>\n<p>Depuis la fin du Covid nos activit\u00e9s ont recommenc\u00e9es fin 2021, apr\u00e8s une longue pause afin de pr\u00e9server la sant\u00e9 de nos membres.<\/p>\n<p>En septembre 2024, f\u00eate de nos 45 ans d&#8217;existence \u00e0 Luxembourg-ville<\/p>\n<p>\u00a0<\/p>\n\n\n<p><\/p>\n","protected":false},"excerpt":{"rendered":"<p>L&#8217;APA organise \u00e9galement chaque ann\u00e9e une sortie-d\u00e9couverte. Historique:La sortie organis\u00e9e en 1998 a permis de d\u00e9couvrir le pays de Marmoutier avec notamment un superbe concert d&#8217;orgues sur les orgues Silbermann <a class=\"more-link\" href=\"http:\/\/www.alsace.lu\/wp\/?page_id=26\">Continue Reading &rarr;<\/a><\/p>\n","protected":false},"author":1,"featured_media":28,"parent":9,"menu_order":0,"comment_status":"open","ping_status":"open","template":"","meta":{"footnotes":""},"class_list":["post-26","page","type-page","status-publish","has-post-thumbnail","hentry"],"_links":{"self":[{"href":"http:\/\/www.alsace.lu\/wp\/index.php?rest_route=\/wp\/v2\/pages\/26"}],"collection":[{"href":"http:\/\/www.alsace.lu\/wp\/index.php?rest_route=\/wp\/v2\/pages"}],"about":[{"href":"http:\/\/www.alsace.lu\/wp\/index.php?rest_route=\/wp\/v2\/types\/page"}],"author":[{"embeddable":true,"href":"http:\/\/www.alsace.lu\/wp\/index.php?rest_route=\/wp\/v2\/users\/1"}],"replies":[{"embeddable":true,"href":"http:\/\/www.alsace.lu\/wp\/index.php?rest_route=%2Fwp%2Fv2%2Fcomments&post=26"}],"version-history":[{"count":16,"href":"http:\/\/www.alsace.lu\/wp\/index.php?rest_route=\/wp\/v2\/pages\/26\/revisions"}],"predecessor-version":[{"id":193,"href":"http:\/\/www.alsace.lu\/wp\/index.php?rest_route=\/wp\/v2\/pages\/26\/revisions\/193"}],"up":[{"embeddable":true,"href":"http:\/\/www.alsace.lu\/wp\/index.php?rest_route=\/wp\/v2\/pages\/9"}],"wp:featuredmedia":[{"embeddable":true,"href":"http:\/\/www.alsace.lu\/wp\/index.php?rest_route=\/wp\/v2\/media\/28"}],"wp:attachment":[{"href":"http:\/\/www.alsace.lu\/wp\/index.php?rest_route=%2Fwp%2Fv2%2Fmedia&parent=26"}],"curies":[{"name":"wp","href":"https:\/\/api.w.org\/{rel}","templated":true}]}}