{"id":151,"date":"2016-09-18T22:17:39","date_gmt":"2016-09-18T22:17:39","guid":{"rendered":"http:\/\/www.alsace.lu\/wp\/?page_id=151"},"modified":"2016-09-18T22:26:13","modified_gmt":"2016-09-18T22:26:13","slug":"journees-annuelles-uia","status":"publish","type":"page","link":"http:\/\/www.alsace.lu\/wp\/?page_id=151","title":{"rendered":"Journ\u00e9es Annuelles UIA"},"content":{"rendered":"<p>Ces journ\u00e9es annuelles sont organis\u00e9es par l&#8217;UIA (Union Internationale des Alsaciens) \u00e0 la fin du mois d&#8217;aout. La liste des \u00e9v\u00e8nements r\u00e9alis\u00e9s depuis 1982 est consultable sur <a href=\"http:\/\/www.alsacemonde.org\/les-actualites\/journees-annuelles\" target=\"_blank\">http:\/\/www.alsacemonde.org\/les-actualites\/journees-annuelles<\/a><\/p>\n<p>&nbsp;<\/p>\n","protected":false},"excerpt":{"rendered":"<p>Ces journ\u00e9es annuelles sont organis\u00e9es par l&#8217;UIA (Union Internationale des Alsaciens) \u00e0 la fin du mois d&#8217;aout. La liste des \u00e9v\u00e8nements r\u00e9alis\u00e9s depuis 1982 est consultable sur http:\/\/www.alsacemonde.org\/les-actualites\/journees-annuelles &nbsp;<\/p>\n","protected":false},"author":1,"featured_media":0,"parent":9,"menu_order":3,"comment_status":"closed","ping_status":"closed","template":"","meta":{"footnotes":""},"class_list":["post-151","page","type-page","status-publish","hentry"],"_links":{"self":[{"href":"http:\/\/www.alsace.lu\/wp\/index.php?rest_route=\/wp\/v2\/pages\/151"}],"collection":[{"href":"http:\/\/www.alsace.lu\/wp\/index.php?rest_route=\/wp\/v2\/pages"}],"about":[{"href":"http:\/\/www.alsace.lu\/wp\/index.php?rest_route=\/wp\/v2\/types\/page"}],"author":[{"embeddable":true,"href":"http:\/\/www.alsace.lu\/wp\/index.php?rest_route=\/wp\/v2\/users\/1"}],"replies":[{"embeddable":true,"href":"http:\/\/www.alsace.lu\/wp\/index.php?rest_route=%2Fwp%2Fv2%2Fcomments&post=151"}],"version-history":[{"count":3,"href":"http:\/\/www.alsace.lu\/wp\/index.php?rest_route=\/wp\/v2\/pages\/151\/revisions"}],"predecessor-version":[{"id":154,"href":"http:\/\/www.alsace.lu\/wp\/index.php?rest_route=\/wp\/v2\/pages\/151\/revisions\/154"}],"up":[{"embeddable":true,"href":"http:\/\/www.alsace.lu\/wp\/index.php?rest_route=\/wp\/v2\/pages\/9"}],"wp:attachment":[{"href":"http:\/\/www.alsace.lu\/wp\/index.php?rest_route=%2Fwp%2Fv2%2Fmedia&parent=151"}],"curies":[{"name":"wp","href":"https:\/\/api.w.org\/{rel}","templated":true}]}}