{"id":13,"date":"2013-02-25T14:50:12","date_gmt":"2013-02-25T14:50:12","guid":{"rendered":"http:\/\/www.alsace.lu\/wp\/?page_id=13"},"modified":"2024-08-22T21:17:49","modified_gmt":"2024-08-22T19:17:49","slug":"inscription","status":"publish","type":"page","link":"http:\/\/www.alsace.lu\/wp\/?page_id=13","title":{"rendered":"Inscription"},"content":{"rendered":"<p>Les formalit\u00e9s d&#8217;inscription sont les suivantes:<br \/>\n&#8211; Faire part de votre d\u00e9sir de devenir membre de l&#8217;Association et informer son Pr\u00e9sident de vos coordonn\u00e9es.<br \/>\n&#8211; Effectuer le paiement de la cotisation annuelle (EUR 40,-) sur le compte\u00a0de l&#8217;association ouvert aupr\u00e8s de\u00a0Banque de Luxembourg:<br \/>\nCode IBAN:\u00a0 LU58-0019-7355-3752-3000<br \/>\nCode BIC:\u00a0\u00a0\u00a0\u00a0 BCEELULL<br \/>\nB\u00e9n\u00e9ficiaire: APA Association pour la Promotion de l&#8217;Alsace<\/p>\n","protected":false},"excerpt":{"rendered":"<p>Les formalit\u00e9s d&#8217;inscription sont les suivantes: &#8211; Faire part de votre d\u00e9sir de devenir membre de l&#8217;Association et informer son Pr\u00e9sident de vos coordonn\u00e9es. &#8211; Effectuer le paiement de la <a class=\"more-link\" href=\"http:\/\/www.alsace.lu\/wp\/?page_id=13\">Continue Reading &rarr;<\/a><\/p>\n","protected":false},"author":1,"featured_media":0,"parent":0,"menu_order":0,"comment_status":"open","ping_status":"open","template":"","meta":{"footnotes":""},"class_list":["post-13","page","type-page","status-publish","hentry"],"_links":{"self":[{"href":"http:\/\/www.alsace.lu\/wp\/index.php?rest_route=\/wp\/v2\/pages\/13"}],"collection":[{"href":"http:\/\/www.alsace.lu\/wp\/index.php?rest_route=\/wp\/v2\/pages"}],"about":[{"href":"http:\/\/www.alsace.lu\/wp\/index.php?rest_route=\/wp\/v2\/types\/page"}],"author":[{"embeddable":true,"href":"http:\/\/www.alsace.lu\/wp\/index.php?rest_route=\/wp\/v2\/users\/1"}],"replies":[{"embeddable":true,"href":"http:\/\/www.alsace.lu\/wp\/index.php?rest_route=%2Fwp%2Fv2%2Fcomments&post=13"}],"version-history":[{"count":10,"href":"http:\/\/www.alsace.lu\/wp\/index.php?rest_route=\/wp\/v2\/pages\/13\/revisions"}],"predecessor-version":[{"id":190,"href":"http:\/\/www.alsace.lu\/wp\/index.php?rest_route=\/wp\/v2\/pages\/13\/revisions\/190"}],"wp:attachment":[{"href":"http:\/\/www.alsace.lu\/wp\/index.php?rest_route=%2Fwp%2Fv2%2Fmedia&parent=13"}],"curies":[{"name":"wp","href":"https:\/\/api.w.org\/{rel}","templated":true}]}}