{"id":11,"date":"2013-02-25T14:49:50","date_gmt":"2013-02-25T14:49:50","guid":{"rendered":"http:\/\/www.alsace.lu\/wp\/?page_id=11"},"modified":"2025-01-18T13:31:29","modified_gmt":"2025-01-18T12:31:29","slug":"contact","status":"publish","type":"page","link":"http:\/\/www.alsace.lu\/wp\/?page_id=11","title":{"rendered":"Contact"},"content":{"rendered":"<p><em><strong>Si\u00e8ge de l&#8217;Association:<br \/>\n<\/strong><\/em>Association pour la Promotion de l&#8217;Alsace (APA Luxembourg)<br \/>\n15, rue Glesener<br \/>\nL-1631 Luxembourg<\/p>\n<p>Pour toute information suppl\u00e9mentaire, le <em><strong>Pr\u00e9sident de l&#8217;Association<\/strong><\/em> se tient \u00e0 votre disposition et peut \u00eatre contact\u00e9 \u00e0 l&#8217;adresse suivante: <a href=\"mailto:alsace.lu@outlook.com\">alsace.lu@outlook.com<\/a><\/p>\n<p>Pour\u00a0de plus amples informations sur les activit\u00e9s de <em><strong>l&#8217;Union Internationale des Alsaciens (UIA)<\/strong>, <\/em>qui f\u00e9d\u00e8re une cinquantaine d&#8217;associations d&#8217;alsaciens \u00e0 travers la France et le monde, on pourra contacter le secr\u00e9tariat de l&#8217;Union \u00e0 l&#8217;adresse suivante:<\/p>\n<p>Adresse du bureau (Adresse postale)<br \/>\n3 quai Kl\u00e9ber \u2013 Le S\u00e9bastopol (12\u00e8me \u00e9tage) \u2013 F-67000 STRASBOURG<\/p>\n<p>Visite uniquement sur rendez-vous<\/p>\n<p><strong>Contacter par t\u00e9l\u00e9phone :<\/strong><br \/>\n+33 9 73 45 02 14 (lundi-vendredi : 9h-12h)<\/p>\n<p><strong>Contacter par courriel :<br \/>\n<\/strong>Secr\u00e9taire : Yagmur KARADENIZ PETER, <a href=\"mailto:uia@alsacemonde.org\" target=\"_blank\" rel=\"noopener\">uia@alsacemonde.org<\/a><\/p>\n<p>Charg\u00e9 de Communication : Robin BONTE, <a href=\"mailto:bonte@alsacemonde.org\" target=\"_blank\" rel=\"noopener\">bonte@alsacemonde.org<\/a><\/p>\n<p><span style=\"text-decoration: underline;\">Bureau de l\u2019UIA<\/span><br \/>\nPr\u00e9sident : G\u00e9rard STAEDEL, <a href=\"mailto:staedel@alsacemonde.org\">staedel@alsacemonde.org<\/a><\/p>\n<p>Vice-Pr\u00e9sident : Ren\u00e9 GUTH,\u00a0<a href=\"mailto:guth@alsacemonde.org\">guth@alsacemonde.org<\/a><\/p>\n<p>Secr\u00e9taire : Philippe EDEL,\u00a0<a href=\"mailto:edel@alsacemonde.org\">edel@alsacemonde.org<\/a><\/p>\n<p>Tr\u00e9sori\u00e8re : V\u00e9ronique EHRHART,\u00a0<a href=\"mailto:ehrhart@alsacemonde.org\">ehrhart@alsacemonde.org<\/a><\/p>\n","protected":false},"excerpt":{"rendered":"<p>Si\u00e8ge de l&#8217;Association: Association pour la Promotion de l&#8217;Alsace (APA Luxembourg) 15, rue Glesener L-1631 Luxembourg Pour toute information suppl\u00e9mentaire, le Pr\u00e9sident de l&#8217;Association se tient \u00e0 votre disposition et <a class=\"more-link\" href=\"http:\/\/www.alsace.lu\/wp\/?page_id=11\">Continue Reading &rarr;<\/a><\/p>\n","protected":false},"author":1,"featured_media":0,"parent":0,"menu_order":0,"comment_status":"open","ping_status":"open","template":"","meta":{"footnotes":""},"class_list":["post-11","page","type-page","status-publish","hentry"],"_links":{"self":[{"href":"http:\/\/www.alsace.lu\/wp\/index.php?rest_route=\/wp\/v2\/pages\/11"}],"collection":[{"href":"http:\/\/www.alsace.lu\/wp\/index.php?rest_route=\/wp\/v2\/pages"}],"about":[{"href":"http:\/\/www.alsace.lu\/wp\/index.php?rest_route=\/wp\/v2\/types\/page"}],"author":[{"embeddable":true,"href":"http:\/\/www.alsace.lu\/wp\/index.php?rest_route=\/wp\/v2\/users\/1"}],"replies":[{"embeddable":true,"href":"http:\/\/www.alsace.lu\/wp\/index.php?rest_route=%2Fwp%2Fv2%2Fcomments&post=11"}],"version-history":[{"count":11,"href":"http:\/\/www.alsace.lu\/wp\/index.php?rest_route=\/wp\/v2\/pages\/11\/revisions"}],"predecessor-version":[{"id":203,"href":"http:\/\/www.alsace.lu\/wp\/index.php?rest_route=\/wp\/v2\/pages\/11\/revisions\/203"}],"wp:attachment":[{"href":"http:\/\/www.alsace.lu\/wp\/index.php?rest_route=%2Fwp%2Fv2%2Fmedia&parent=11"}],"curies":[{"name":"wp","href":"https:\/\/api.w.org\/{rel}","templated":true}]}}